{"id":5943,"date":"2025-01-28T11:12:06","date_gmt":"2025-01-28T10:12:06","guid":{"rendered":"https:\/\/treslunasviajes.com\/?post_type=product&#038;p=5943"},"modified":"2026-02-19T14:38:42","modified_gmt":"2026-02-19T13:38:42","slug":"reservez-votre-circuit-de-8-jours-et-7-nuits-en-casamance","status":"publish","type":"product","link":"https:\/\/treslunasviajes.com\/fr\/itineraire\/reservez-votre-circuit-de-8-jours-et-7-nuits-en-casamance\/","title":{"rendered":"R\u00e9servez votre circuit de 8 jours et 7 nuits en Casamance"},"content":{"rendered":"<p><strong>R\u00e9servez votre aventure de 8 jours en Casamance d\u00e8s maintenant !<\/strong><\/p>\n<p><strong>Payez maintenant et r\u00e9servez votre place !<\/strong><\/p>\n<p>Une exp\u00e9rience humaine en terres d&rsquo;hommes int\u00e8gres dans les villages de Gambie et de Casamance : d\u00e9couvrez le multiculturalisme, la richesse ethnographique et environnementale.<\/p>\n","protected":false},"excerpt":{"rendered":"<h3>PRIX TOTAL DU VOYAGE : 1100 \u20ac<\/h3>\n<p><strong>R\u00e9servez votre aventure de 8 jours en Casamance d\u00e8s maintenant ! <\/strong><strong>Payez l&rsquo;acompte de 350 \u20ac et assurez votre place ! Del 23 al 30 de julio 2026.<br \/>\n<\/strong><\/p>\n<p><a href=\"https:\/\/treslunasviajes.com\/ruta-por-la-casamance-7-noches-8-dias\/\">Plus d&rsquo;informations sur l&rsquo;itin\u00e9raire.<\/a><\/p>\n","protected":false},"featured_media":6678,"comment_status":"open","ping_status":"closed","template":"","meta":{"_seopress_robots_primary_cat":"none"},"product_cat":[40],"product_tag":[],"class_list":{"0":"post-5943","1":"product","2":"type-product","3":"status-publish","4":"has-post-thumbnail","6":"product_cat-voyages","8":"first","9":"instock","10":"virtual","11":"purchasable","12":"product-type-simple"},"_links":{"self":[{"href":"https:\/\/treslunasviajes.com\/fr\/wp-json\/wp\/v2\/product\/5943","targetHints":{"allow":["GET"]}}],"collection":[{"href":"https:\/\/treslunasviajes.com\/fr\/wp-json\/wp\/v2\/product"}],"about":[{"href":"https:\/\/treslunasviajes.com\/fr\/wp-json\/wp\/v2\/types\/product"}],"replies":[{"embeddable":true,"href":"https:\/\/treslunasviajes.com\/fr\/wp-json\/wp\/v2\/comments?post=5943"}],"wp:featuredmedia":[{"embeddable":true,"href":"https:\/\/treslunasviajes.com\/fr\/wp-json\/wp\/v2\/media\/6678"}],"wp:attachment":[{"href":"https:\/\/treslunasviajes.com\/fr\/wp-json\/wp\/v2\/media?parent=5943"}],"wp:term":[{"taxonomy":"product_cat","embeddable":true,"href":"https:\/\/treslunasviajes.com\/fr\/wp-json\/wp\/v2\/product_cat?post=5943"},{"taxonomy":"product_tag","embeddable":true,"href":"https:\/\/treslunasviajes.com\/fr\/wp-json\/wp\/v2\/product_tag?post=5943"}],"curies":[{"name":"wp","href":"https:\/\/api.w.org\/{rel}","templated":true}]}}