{"id":6466,"date":"2025-03-17T12:37:50","date_gmt":"2025-03-17T11:37:50","guid":{"rendered":"https:\/\/treslunasviajes.com\/?post_type=product&#038;p=6466"},"modified":"2026-04-08T13:30:57","modified_gmt":"2026-04-08T11:30:57","slug":"itineraire-de-8-jours-dans-le-pays-bassari-senegal","status":"publish","type":"product","link":"https:\/\/treslunasviajes.com\/fr\/itineraire\/itineraire-de-8-jours-dans-le-pays-bassari-senegal\/","title":{"rendered":"R\u00e9servez itin\u00e9raire de 8 jours dans le Pays Bassari (S\u00e9n\u00e9gal)"},"content":{"rendered":"<p><strong>R\u00e9servez d\u00e8s maintenant votre aventure de 8 jours au S\u00e9n\u00e9gal.<\/strong><\/p>\n<p><strong>Payez et assurez votre place !<\/strong><\/p>\n<p><strong>Richesse ethnographique et environnementale : Une rencontre avec la faune et le S\u00e9n\u00e9gal rural authentique.<\/strong><\/p>\n<p><strong>K\u00e9dougou<\/strong>, connue sous le nom de pays Bassari, est l&rsquo;une des r\u00e9gions les plus inconnues et les moins fr\u00e9quent\u00e9es du S\u00e9n\u00e9gal, mais c&rsquo;est sans aucun doute la plus authentique<\/p>\n","protected":false},"excerpt":{"rendered":"<h3>PRIX TOTAL DU VOYAGE : 1190 \u20ac<\/h3>\n<p><strong>R\u00e9servez d\u00e8s maintenant votre aventure de 8 jours au Pays Bassari. <\/strong><strong>Payez l&rsquo;acompte de 395 \u20ac et assurez votre place !<\/strong><\/p>\n<p><a href=\"https:\/\/treslunasviajes.com\/fr\/itineraire-de-8-jours-dans-le-pays-bassari-senegal\/\">Plus d&rsquo;informations sur l&rsquo;itin\u00e9raire.<\/a><\/p>\n","protected":false},"featured_media":6469,"comment_status":"open","ping_status":"closed","template":"","meta":{"_seopress_robots_primary_cat":"none"},"product_cat":[40],"product_tag":[],"class_list":{"0":"post-6466","1":"product","2":"type-product","3":"status-publish","4":"has-post-thumbnail","6":"product_cat-voyages","8":"first","9":"instock","10":"virtual","11":"purchasable","12":"product-type-simple"},"_links":{"self":[{"href":"https:\/\/treslunasviajes.com\/fr\/wp-json\/wp\/v2\/product\/6466","targetHints":{"allow":["GET"]}}],"collection":[{"href":"https:\/\/treslunasviajes.com\/fr\/wp-json\/wp\/v2\/product"}],"about":[{"href":"https:\/\/treslunasviajes.com\/fr\/wp-json\/wp\/v2\/types\/product"}],"replies":[{"embeddable":true,"href":"https:\/\/treslunasviajes.com\/fr\/wp-json\/wp\/v2\/comments?post=6466"}],"wp:featuredmedia":[{"embeddable":true,"href":"https:\/\/treslunasviajes.com\/fr\/wp-json\/wp\/v2\/media\/6469"}],"wp:attachment":[{"href":"https:\/\/treslunasviajes.com\/fr\/wp-json\/wp\/v2\/media?parent=6466"}],"wp:term":[{"taxonomy":"product_cat","embeddable":true,"href":"https:\/\/treslunasviajes.com\/fr\/wp-json\/wp\/v2\/product_cat?post=6466"},{"taxonomy":"product_tag","embeddable":true,"href":"https:\/\/treslunasviajes.com\/fr\/wp-json\/wp\/v2\/product_tag?post=6466"}],"curies":[{"name":"wp","href":"https:\/\/api.w.org\/{rel}","templated":true}]}}