{"id":7786,"date":"2025-09-08T15:32:29","date_gmt":"2025-09-08T13:32:29","guid":{"rendered":"https:\/\/treslunasviajes.com\/?post_type=product&#038;p=7786"},"modified":"2025-09-08T15:51:59","modified_gmt":"2025-09-08T13:51:59","slug":"reservez-le-circuit-de-9-jours-au-sri-lanka","status":"publish","type":"product","link":"https:\/\/treslunasviajes.com\/fr\/itineraire\/reservez-le-circuit-de-9-jours-au-sri-lanka\/","title":{"rendered":"R\u00e9servez le circuit de 9 jours au Sri Lanka"},"content":{"rendered":"<p><strong>R\u00e9servez d\u00e8s maintenant votre aventure de 9 jours au Sri Lanka.<\/strong><\/p>\n<p><strong>Payez maintenant et r\u00e9servez votre place !<\/strong><\/p>\n<p>Cet itin\u00e9raire est con\u00e7u pour tirer le meilleur parti de votre temps, en combinant des sites class\u00e9s au patrimoine mondial de l\u2019UNESCO avec des aventures et de la d\u00e9tente.<\/p>\n","protected":false},"excerpt":{"rendered":"<h3>PRIX TOTAL DU VOYAGE : 1\u202f390 \u20ac<\/h3>\n<p><strong>R\u00e9servez d\u00e8s maintenant votre aventure de 9 jours au Sri Lanka. <\/strong><strong>Payez l\u2019acompte de 400 \u20ac et assurez votre place ! Du 9 au 19 mars 2026. <\/strong><\/p>\n<p><a href=\"https:\/\/treslunasviajes.com\/ruta-de-9-dias-en-sri-lanka\/\">Plus d&rsquo;informations sur l&rsquo;itin\u00e9raire.<\/a><\/p>\n","protected":false},"featured_media":7628,"comment_status":"open","ping_status":"closed","template":"","meta":{"_seopress_robots_primary_cat":"none"},"product_cat":[40],"product_tag":[],"class_list":{"0":"post-7786","1":"product","2":"type-product","3":"status-publish","4":"has-post-thumbnail","6":"product_cat-voyages","8":"first","9":"instock","10":"virtual","11":"purchasable","12":"product-type-simple"},"_links":{"self":[{"href":"https:\/\/treslunasviajes.com\/fr\/wp-json\/wp\/v2\/product\/7786","targetHints":{"allow":["GET"]}}],"collection":[{"href":"https:\/\/treslunasviajes.com\/fr\/wp-json\/wp\/v2\/product"}],"about":[{"href":"https:\/\/treslunasviajes.com\/fr\/wp-json\/wp\/v2\/types\/product"}],"replies":[{"embeddable":true,"href":"https:\/\/treslunasviajes.com\/fr\/wp-json\/wp\/v2\/comments?post=7786"}],"wp:featuredmedia":[{"embeddable":true,"href":"https:\/\/treslunasviajes.com\/fr\/wp-json\/wp\/v2\/media\/7628"}],"wp:attachment":[{"href":"https:\/\/treslunasviajes.com\/fr\/wp-json\/wp\/v2\/media?parent=7786"}],"wp:term":[{"taxonomy":"product_cat","embeddable":true,"href":"https:\/\/treslunasviajes.com\/fr\/wp-json\/wp\/v2\/product_cat?post=7786"},{"taxonomy":"product_tag","embeddable":true,"href":"https:\/\/treslunasviajes.com\/fr\/wp-json\/wp\/v2\/product_tag?post=7786"}],"curies":[{"name":"wp","href":"https:\/\/api.w.org\/{rel}","templated":true}]}}