{"id":8571,"date":"2026-01-22T16:18:01","date_gmt":"2026-01-22T15:18:01","guid":{"rendered":"https:\/\/treslunasviajes.com\/?post_type=product&#038;p=8571"},"modified":"2026-01-23T12:47:22","modified_gmt":"2026-01-23T11:47:22","slug":"reservez-des-maintenant-votre-aventure-de-10-jours-a-sumba","status":"publish","type":"product","link":"https:\/\/treslunasviajes.com\/fr\/itineraire\/reservez-des-maintenant-votre-aventure-de-10-jours-a-sumba\/","title":{"rendered":"R\u00e9servez d\u00e8s maintenant votre aventure de 10 jours \u00e0 Sumba."},"content":{"rendered":"<p><strong>R\u00e9servez d\u00e8s maintenant votre aventure de 10 jours \u00e0 Sumba.<\/strong><\/p>\n<p><strong>Payez maintenant et r\u00e9servez votre place !<\/strong><\/p>\n<p>Ce voyage est con\u00e7u pour d\u00e9couvrir Sumba de mani\u00e8re compl\u00e8te, en parcourant les diff\u00e9rentes zones de l\u2019\u00eele et en combinant paysages naturels, culture locale et temps pour profiter du s\u00e9jour avec calme.<\/p>\n","protected":false},"excerpt":{"rendered":"<h3>PRIX TOTAL DU VOYAGE : 1190 \u20ac<\/h3>\n<p><strong>R\u00e9servez d\u00e8s maintenant votre aventure de 10 jours \u00e0 Sumba. <\/strong><strong>Payez l&rsquo;acompte de 350 \u20ac et assurez votre place ! Du 15 au 24 octobre 2026.<\/strong><\/p>\n<p><a href=\"https:\/\/treslunasviajes.com\/sumba-indonesia\/\">Plus d&rsquo;informations sur l&rsquo;itin\u00e9raire.<\/a><\/p>\n","protected":false},"featured_media":4572,"comment_status":"open","ping_status":"closed","template":"","meta":{"_seopress_robots_primary_cat":"none"},"product_cat":[40],"product_tag":[],"class_list":{"0":"post-8571","1":"product","2":"type-product","3":"status-publish","4":"has-post-thumbnail","6":"product_cat-voyages","8":"first","9":"instock","10":"virtual","11":"purchasable","12":"product-type-simple"},"_links":{"self":[{"href":"https:\/\/treslunasviajes.com\/fr\/wp-json\/wp\/v2\/product\/8571","targetHints":{"allow":["GET"]}}],"collection":[{"href":"https:\/\/treslunasviajes.com\/fr\/wp-json\/wp\/v2\/product"}],"about":[{"href":"https:\/\/treslunasviajes.com\/fr\/wp-json\/wp\/v2\/types\/product"}],"replies":[{"embeddable":true,"href":"https:\/\/treslunasviajes.com\/fr\/wp-json\/wp\/v2\/comments?post=8571"}],"wp:featuredmedia":[{"embeddable":true,"href":"https:\/\/treslunasviajes.com\/fr\/wp-json\/wp\/v2\/media\/4572"}],"wp:attachment":[{"href":"https:\/\/treslunasviajes.com\/fr\/wp-json\/wp\/v2\/media?parent=8571"}],"wp:term":[{"taxonomy":"product_cat","embeddable":true,"href":"https:\/\/treslunasviajes.com\/fr\/wp-json\/wp\/v2\/product_cat?post=8571"},{"taxonomy":"product_tag","embeddable":true,"href":"https:\/\/treslunasviajes.com\/fr\/wp-json\/wp\/v2\/product_tag?post=8571"}],"curies":[{"name":"wp","href":"https:\/\/api.w.org\/{rel}","templated":true}]}}